{"id":173,"date":"2026-03-15T03:37:25","date_gmt":"2026-03-15T03:37:25","guid":{"rendered":"https:\/\/husdigital.com\/?page_id=173"},"modified":"2026-03-16T23:11:59","modified_gmt":"2026-03-16T23:11:59","slug":"contacto","status":"publish","type":"page","link":"https:\/\/husdigital.com\/en\/contacto\/","title":{"rendered":"Contact"},"content":{"rendered":"<p>Trabajamos de forma remota con proyectos en cualquier parte del mundo. Contanos tu idea.<\/p>\n\n\n\n\n<div class=\"wpcf7 no-js\" id=\"wpcf7-f231-o1\" lang=\"es-AR\" dir=\"ltr\" data-wpcf7-id=\"231\">\n<div class=\"screen-reader-response\"><p role=\"status\" aria-live=\"polite\" aria-atomic=\"true\"><\/p> <ul><\/ul><\/div>\n<form action=\"\/en\/wp-json\/wp\/v2\/pages\/173#wpcf7-f231-o1\" method=\"post\" class=\"wpcf7-form init\" aria-label=\"Formulario de contacto\" novalidate=\"novalidate\" data-status=\"init\" data-trp-original-action=\"\/en\/wp-json\/wp\/v2\/pages\/173#wpcf7-f231-o1\">\n<fieldset class=\"hidden-fields-container\"><input type=\"hidden\" name=\"_wpcf7\" value=\"231\" \/><input type=\"hidden\" name=\"_wpcf7_version\" value=\"6.1.4\" \/><input type=\"hidden\" name=\"_wpcf7_locale\" value=\"es_AR\" \/><input type=\"hidden\" name=\"_wpcf7_unit_tag\" value=\"wpcf7-f231-o1\" \/><input type=\"hidden\" name=\"_wpcf7_container_post\" value=\"0\" \/><input type=\"hidden\" name=\"_wpcf7_posted_data_hash\" value=\"\" \/><input type=\"hidden\" name=\"_wpcf7_recaptcha_response\" value=\"\" \/>\n<\/fieldset>\n<p><label> Nombre<br \/>\n<span class=\"wpcf7-form-control-wrap\" data-name=\"your-name\"><input size=\"40\" maxlength=\"400\" class=\"wpcf7-form-control wpcf7-text wpcf7-validates-as-required\" autocomplete=\"name\" aria-required=\"true\" aria-invalid=\"false\" value=\"\" type=\"text\" name=\"your-name\" \/><\/span> <\/label>\n<\/p>\n<p><label> Correo electr\u00f3nico<br \/>\n<span class=\"wpcf7-form-control-wrap\" data-name=\"your-email\"><input size=\"40\" maxlength=\"400\" class=\"wpcf7-form-control wpcf7-email wpcf7-validates-as-required wpcf7-text wpcf7-validates-as-email\" autocomplete=\"email\" aria-required=\"true\" aria-invalid=\"false\" value=\"\" type=\"email\" name=\"your-email\" \/><\/span> <\/label>\n<\/p>\n<p><label> Asunto<br \/>\n<span class=\"wpcf7-form-control-wrap\" data-name=\"your-subject\"><input size=\"40\" maxlength=\"400\" class=\"wpcf7-form-control wpcf7-text wpcf7-validates-as-required\" aria-required=\"true\" aria-invalid=\"false\" value=\"\" type=\"text\" name=\"your-subject\" \/><\/span> <\/label>\n<\/p>\n<p><label> Mensaje<br \/>\n<span class=\"wpcf7-form-control-wrap\" data-name=\"your-message\"><textarea cols=\"40\" rows=\"10\" maxlength=\"2000\" class=\"wpcf7-form-control wpcf7-textarea\" aria-invalid=\"false\" name=\"your-message\"><\/textarea><\/span> <\/label>\n<\/p>\n<p><input class=\"wpcf7-form-control wpcf7-submit has-spinner\" type=\"submit\" value=\"Enviar\" \/>\n<\/p><div class=\"wpcf7-response-output\" aria-hidden=\"true\"><\/div>\n<input type=\"hidden\" name=\"trp-form-language\" value=\"en\"\/><\/form>\n<\/div>","protected":false},"excerpt":{"rendered":"<p>Trabajamos de forma remota con proyectos en cualquier parte del mundo. Contanos tu idea.<\/p>","protected":false},"author":1,"featured_media":0,"parent":0,"menu_order":0,"comment_status":"closed","ping_status":"closed","template":"","meta":{"footnotes":""},"class_list":["post-173","page","type-page","status-publish","hentry"],"yoast_head":"<!-- This site is optimized with the Yoast SEO plugin v27.4 - https:\/\/yoast.com\/product\/yoast-seo-wordpress\/ -->\n<title>Contacto - Hus Digital Contacto | Husdigital \u2013 Dise\u00f1o y Desarrollo Web<\/title>\n<meta name=\"description\" content=\"Escribinos para crear o actualizar tu p\u00e1gina web alineada a tu marca. Dise\u00f1o moderno, r\u00e1pido y optimizado.\" \/>\n<meta name=\"robots\" content=\"index, follow, max-snippet:-1, max-image-preview:large, max-video-preview:-1\" \/>\n<link rel=\"canonical\" href=\"https:\/\/husdigital.com\/en\/contacto\/\" \/>\n<meta property=\"og:locale\" content=\"en_US\" \/>\n<meta property=\"og:type\" content=\"article\" \/>\n<meta property=\"og:title\" content=\"Contacto - Hus Digital Contacto | Husdigital \u2013 Dise\u00f1o y Desarrollo Web\" \/>\n<meta property=\"og:description\" content=\"Escribinos para crear o actualizar tu p\u00e1gina web alineada a tu marca. Dise\u00f1o moderno, r\u00e1pido y optimizado.\" \/>\n<meta property=\"og:url\" content=\"https:\/\/husdigital.com\/en\/contacto\/\" \/>\n<meta property=\"og:site_name\" content=\"Hus Digital\" \/>\n<meta property=\"article:publisher\" content=\"https:\/\/www.facebook.com\/profile.php?id=61587274496445&amp;locale=es_LA\" \/>\n<meta property=\"article:modified_time\" content=\"2026-03-16T23:11:59+00:00\" \/>\n<meta name=\"twitter:card\" content=\"summary_large_image\" \/>\n<meta name=\"twitter:label1\" content=\"Est. reading time\" \/>\n\t<meta name=\"twitter:data1\" content=\"1 minute\" \/>\n<script type=\"application\/ld+json\" class=\"yoast-schema-graph\">{\"@context\":\"https:\\\/\\\/schema.org\",\"@graph\":[{\"@type\":\"WebPage\",\"@id\":\"https:\\\/\\\/husdigital.com\\\/contacto\\\/\",\"url\":\"https:\\\/\\\/husdigital.com\\\/contacto\\\/\",\"name\":\"Contacto - Hus Digital Contacto | Husdigital \u2013 Dise\u00f1o y Desarrollo Web\",\"isPartOf\":{\"@id\":\"https:\\\/\\\/husdigital.com\\\/#website\"},\"datePublished\":\"2026-03-15T03:37:25+00:00\",\"dateModified\":\"2026-03-16T23:11:59+00:00\",\"description\":\"Escribinos para crear o actualizar tu p\u00e1gina web alineada a tu marca. Dise\u00f1o moderno, r\u00e1pido y optimizado.\",\"breadcrumb\":{\"@id\":\"https:\\\/\\\/husdigital.com\\\/contacto\\\/#breadcrumb\"},\"inLanguage\":\"en-US\",\"potentialAction\":[{\"@type\":\"ReadAction\",\"target\":[\"https:\\\/\\\/husdigital.com\\\/contacto\\\/\"]}]},{\"@type\":\"BreadcrumbList\",\"@id\":\"https:\\\/\\\/husdigital.com\\\/contacto\\\/#breadcrumb\",\"itemListElement\":[{\"@type\":\"ListItem\",\"position\":1,\"name\":\"Inicio\",\"item\":\"https:\\\/\\\/husdigital.com\\\/\"},{\"@type\":\"ListItem\",\"position\":2,\"name\":\"Contacto\"}]},{\"@type\":\"WebSite\",\"@id\":\"https:\\\/\\\/husdigital.com\\\/#website\",\"url\":\"https:\\\/\\\/husdigital.com\\\/\",\"name\":\"Hus Digital\",\"description\":\"Agencia Creativa\",\"publisher\":{\"@id\":\"https:\\\/\\\/husdigital.com\\\/#organization\"},\"potentialAction\":[{\"@type\":\"SearchAction\",\"target\":{\"@type\":\"EntryPoint\",\"urlTemplate\":\"https:\\\/\\\/husdigital.com\\\/?s={search_term_string}\"},\"query-input\":{\"@type\":\"PropertyValueSpecification\",\"valueRequired\":true,\"valueName\":\"search_term_string\"}}],\"inLanguage\":\"en-US\"},{\"@type\":\"Organization\",\"@id\":\"https:\\\/\\\/husdigital.com\\\/#organization\",\"name\":\"Hus Digital\",\"url\":\"https:\\\/\\\/husdigital.com\\\/\",\"logo\":{\"@type\":\"ImageObject\",\"inLanguage\":\"en-US\",\"@id\":\"https:\\\/\\\/husdigital.com\\\/#\\\/schema\\\/logo\\\/image\\\/\",\"url\":\"https:\\\/\\\/husdigital.com\\\/wp-content\\\/uploads\\\/2026\\\/03\\\/HUS-DIGITAL_Logo-09.svg\",\"contentUrl\":\"https:\\\/\\\/husdigital.com\\\/wp-content\\\/uploads\\\/2026\\\/03\\\/HUS-DIGITAL_Logo-09.svg\",\"caption\":\"Hus Digital\"},\"image\":{\"@id\":\"https:\\\/\\\/husdigital.com\\\/#\\\/schema\\\/logo\\\/image\\\/\"},\"sameAs\":[\"https:\\\/\\\/www.facebook.com\\\/profile.php?id=61587274496445&locale=es_LA\",\"https:\\\/\\\/www.instagram.com\\\/husdigital\"]}]}<\/script>\n<!-- \/ Yoast SEO plugin. -->","yoast_head_json":{"title":"Contacto - Hus Digital Contacto | Husdigital \u2013 Dise\u00f1o y Desarrollo Web","description":"Escribinos para crear o actualizar tu p\u00e1gina web alineada a tu marca. Dise\u00f1o moderno, r\u00e1pido y optimizado.","robots":{"index":"index","follow":"follow","max-snippet":"max-snippet:-1","max-image-preview":"max-image-preview:large","max-video-preview":"max-video-preview:-1"},"canonical":"https:\/\/husdigital.com\/en\/contacto\/","og_locale":"en_US","og_type":"article","og_title":"Contacto - Hus Digital Contacto | Husdigital \u2013 Dise\u00f1o y Desarrollo Web","og_description":"Escribinos para crear o actualizar tu p\u00e1gina web alineada a tu marca. Dise\u00f1o moderno, r\u00e1pido y optimizado.","og_url":"https:\/\/husdigital.com\/en\/contacto\/","og_site_name":"Hus Digital","article_publisher":"https:\/\/www.facebook.com\/profile.php?id=61587274496445&locale=es_LA","article_modified_time":"2026-03-16T23:11:59+00:00","twitter_card":"summary_large_image","twitter_misc":{"Est. reading time":"1 minute"},"schema":{"@context":"https:\/\/schema.org","@graph":[{"@type":"WebPage","@id":"https:\/\/husdigital.com\/contacto\/","url":"https:\/\/husdigital.com\/contacto\/","name":"Contacto - Hus Digital Contacto | Husdigital \u2013 Dise\u00f1o y Desarrollo Web","isPartOf":{"@id":"https:\/\/husdigital.com\/#website"},"datePublished":"2026-03-15T03:37:25+00:00","dateModified":"2026-03-16T23:11:59+00:00","description":"Escribinos para crear o actualizar tu p\u00e1gina web alineada a tu marca. Dise\u00f1o moderno, r\u00e1pido y optimizado.","breadcrumb":{"@id":"https:\/\/husdigital.com\/contacto\/#breadcrumb"},"inLanguage":"en-US","potentialAction":[{"@type":"ReadAction","target":["https:\/\/husdigital.com\/contacto\/"]}]},{"@type":"BreadcrumbList","@id":"https:\/\/husdigital.com\/contacto\/#breadcrumb","itemListElement":[{"@type":"ListItem","position":1,"name":"Inicio","item":"https:\/\/husdigital.com\/"},{"@type":"ListItem","position":2,"name":"Contacto"}]},{"@type":"WebSite","@id":"https:\/\/husdigital.com\/#website","url":"https:\/\/husdigital.com\/","name":"Hus Digital","description":"Agencia Creativa","publisher":{"@id":"https:\/\/husdigital.com\/#organization"},"potentialAction":[{"@type":"SearchAction","target":{"@type":"EntryPoint","urlTemplate":"https:\/\/husdigital.com\/?s={search_term_string}"},"query-input":{"@type":"PropertyValueSpecification","valueRequired":true,"valueName":"search_term_string"}}],"inLanguage":"en-US"},{"@type":"Organization","@id":"https:\/\/husdigital.com\/#organization","name":"Hus Digital","url":"https:\/\/husdigital.com\/","logo":{"@type":"ImageObject","inLanguage":"en-US","@id":"https:\/\/husdigital.com\/#\/schema\/logo\/image\/","url":"https:\/\/husdigital.com\/wp-content\/uploads\/2026\/03\/HUS-DIGITAL_Logo-09.svg","contentUrl":"https:\/\/husdigital.com\/wp-content\/uploads\/2026\/03\/HUS-DIGITAL_Logo-09.svg","caption":"Hus Digital"},"image":{"@id":"https:\/\/husdigital.com\/#\/schema\/logo\/image\/"},"sameAs":["https:\/\/www.facebook.com\/profile.php?id=61587274496445&locale=es_LA","https:\/\/www.instagram.com\/husdigital"]}]}},"_links":{"self":[{"href":"https:\/\/husdigital.com\/en\/wp-json\/wp\/v2\/pages\/173","targetHints":{"allow":["GET"]}}],"collection":[{"href":"https:\/\/husdigital.com\/en\/wp-json\/wp\/v2\/pages"}],"about":[{"href":"https:\/\/husdigital.com\/en\/wp-json\/wp\/v2\/types\/page"}],"author":[{"embeddable":true,"href":"https:\/\/husdigital.com\/en\/wp-json\/wp\/v2\/users\/1"}],"replies":[{"embeddable":true,"href":"https:\/\/husdigital.com\/en\/wp-json\/wp\/v2\/comments?post=173"}],"version-history":[{"count":5,"href":"https:\/\/husdigital.com\/en\/wp-json\/wp\/v2\/pages\/173\/revisions"}],"predecessor-version":[{"id":241,"href":"https:\/\/husdigital.com\/en\/wp-json\/wp\/v2\/pages\/173\/revisions\/241"}],"wp:attachment":[{"href":"https:\/\/husdigital.com\/en\/wp-json\/wp\/v2\/media?parent=173"}],"curies":[{"name":"wp","href":"https:\/\/api.w.org\/{rel}","templated":true}]}}