{"id":63,"date":"2026-03-15T00:16:07","date_gmt":"2026-03-15T00:16:07","guid":{"rendered":"https:\/\/husdigital.com\/?page_id=63"},"modified":"2026-03-19T12:31:32","modified_gmt":"2026-03-19T12:31:32","slug":"sobre-nosotros","status":"publish","type":"page","link":"https:\/\/husdigital.com\/en\/sobre-nosotros\/","title":{"rendered":"About Us"},"content":{"rendered":"<p>Hus is a space where communication, strategy, and creativity come together to support brands in their growth.<\/p>\n\n\n\n<p>We are a multidisciplinary team that conceptualizes, designs, and develops digital solutions, understanding each project as a collaborative process where ideas are transformed into results.<\/p>\n\n\n\n<p>We offer brand strategy, communication and content services, web development, branding and visual identity, photography, social media management, and paid digital campaigns.<\/p>\n\n\n\n<p>We work remotely with projects anywhere in the world.<br>Write to us at info@husdigital.com or on WhatsApp at +54 9 3541216208.<\/p>\n\n\n\n<div class=\"wp-block-buttons is-layout-flex wp-block-buttons-is-layout-flex\">\n<div class=\"wp-block-button\"><a class=\"wp-block-button__link wp-element-button\" href=\"https:\/\/husdigital.com\/en\/contacto\/\">Contact<\/a><\/div>\n<\/div>\n\n\n\n<p><\/p>","protected":false},"excerpt":{"rendered":"<p>Hus es un espacio donde la comunicaci\u00f3n, la estrategia y la creatividad se encuentran para acompa\u00f1ar a las marcas en su crecimiento. Somos un equipo multidisciplinario que piensa, dise\u00f1a y desarrolla soluciones digitales, entendiendo cada proyecto como un proceso de colaboraci\u00f3n donde las ideas se transforman en resultados. Ofrecemos servicios de estrategia de marca, comunicaci\u00f3n [&hellip;]<\/p>\n","protected":false},"author":1,"featured_media":0,"parent":0,"menu_order":0,"comment_status":"closed","ping_status":"closed","template":"","meta":{"footnotes":""},"class_list":["post-63","page","type-page","status-publish","hentry"],"yoast_head":"<!-- This site is optimized with the Yoast SEO plugin v27.4 - https:\/\/yoast.com\/product\/yoast-seo-wordpress\/ -->\n<title>Sobre Nosotros - Hus Digital | Husdigital \u2013 Estrategia y Soluciones Digitales<\/title>\n<meta name=\"description\" content=\"Husdigital, combinamos estrategia, creatividad y desarrollo para impulsar el crecimiento de marcas en el mundo digital.\" \/>\n<meta name=\"robots\" content=\"index, follow, max-snippet:-1, max-image-preview:large, max-video-preview:-1\" \/>\n<link rel=\"canonical\" href=\"https:\/\/husdigital.com\/en\/sobre-nosotros\/\" \/>\n<meta property=\"og:locale\" content=\"en_US\" \/>\n<meta property=\"og:type\" content=\"article\" \/>\n<meta property=\"og:title\" content=\"Sobre Nosotros - Hus Digital | Husdigital \u2013 Estrategia y Soluciones Digitales\" \/>\n<meta property=\"og:description\" content=\"Husdigital, combinamos estrategia, creatividad y desarrollo para impulsar el crecimiento de marcas en el mundo digital.\" \/>\n<meta property=\"og:url\" content=\"https:\/\/husdigital.com\/en\/sobre-nosotros\/\" \/>\n<meta property=\"og:site_name\" content=\"Hus Digital\" \/>\n<meta property=\"article:publisher\" content=\"https:\/\/www.facebook.com\/profile.php?id=61587274496445&amp;locale=es_LA\" \/>\n<meta property=\"article:modified_time\" content=\"2026-03-19T12:31:32+00:00\" \/>\n<meta name=\"twitter:card\" content=\"summary_large_image\" \/>\n<meta name=\"twitter:label1\" content=\"Est. reading time\" \/>\n\t<meta name=\"twitter:data1\" content=\"1 minute\" \/>\n<script type=\"application\/ld+json\" class=\"yoast-schema-graph\">{\"@context\":\"https:\\\/\\\/schema.org\",\"@graph\":[{\"@type\":\"WebPage\",\"@id\":\"https:\\\/\\\/husdigital.com\\\/sobre-nosotros\\\/\",\"url\":\"https:\\\/\\\/husdigital.com\\\/sobre-nosotros\\\/\",\"name\":\"Sobre Nosotros - Hus Digital | Husdigital \u2013 Estrategia y Soluciones Digitales\",\"isPartOf\":{\"@id\":\"https:\\\/\\\/husdigital.com\\\/#website\"},\"datePublished\":\"2026-03-15T00:16:07+00:00\",\"dateModified\":\"2026-03-19T12:31:32+00:00\",\"description\":\"Husdigital, combinamos estrategia, creatividad y desarrollo para impulsar el crecimiento de marcas en el mundo digital.\",\"breadcrumb\":{\"@id\":\"https:\\\/\\\/husdigital.com\\\/sobre-nosotros\\\/#breadcrumb\"},\"inLanguage\":\"en-US\",\"potentialAction\":[{\"@type\":\"ReadAction\",\"target\":[\"https:\\\/\\\/husdigital.com\\\/sobre-nosotros\\\/\"]}]},{\"@type\":\"BreadcrumbList\",\"@id\":\"https:\\\/\\\/husdigital.com\\\/sobre-nosotros\\\/#breadcrumb\",\"itemListElement\":[{\"@type\":\"ListItem\",\"position\":1,\"name\":\"Inicio\",\"item\":\"https:\\\/\\\/husdigital.com\\\/\"},{\"@type\":\"ListItem\",\"position\":2,\"name\":\"Sobre Nosotros\"}]},{\"@type\":\"WebSite\",\"@id\":\"https:\\\/\\\/husdigital.com\\\/#website\",\"url\":\"https:\\\/\\\/husdigital.com\\\/\",\"name\":\"Hus Digital\",\"description\":\"Agencia Creativa\",\"publisher\":{\"@id\":\"https:\\\/\\\/husdigital.com\\\/#organization\"},\"potentialAction\":[{\"@type\":\"SearchAction\",\"target\":{\"@type\":\"EntryPoint\",\"urlTemplate\":\"https:\\\/\\\/husdigital.com\\\/?s={search_term_string}\"},\"query-input\":{\"@type\":\"PropertyValueSpecification\",\"valueRequired\":true,\"valueName\":\"search_term_string\"}}],\"inLanguage\":\"en-US\"},{\"@type\":\"Organization\",\"@id\":\"https:\\\/\\\/husdigital.com\\\/#organization\",\"name\":\"Hus Digital\",\"url\":\"https:\\\/\\\/husdigital.com\\\/\",\"logo\":{\"@type\":\"ImageObject\",\"inLanguage\":\"en-US\",\"@id\":\"https:\\\/\\\/husdigital.com\\\/#\\\/schema\\\/logo\\\/image\\\/\",\"url\":\"https:\\\/\\\/husdigital.com\\\/wp-content\\\/uploads\\\/2026\\\/03\\\/HUS-DIGITAL_Logo-09.svg\",\"contentUrl\":\"https:\\\/\\\/husdigital.com\\\/wp-content\\\/uploads\\\/2026\\\/03\\\/HUS-DIGITAL_Logo-09.svg\",\"caption\":\"Hus Digital\"},\"image\":{\"@id\":\"https:\\\/\\\/husdigital.com\\\/#\\\/schema\\\/logo\\\/image\\\/\"},\"sameAs\":[\"https:\\\/\\\/www.facebook.com\\\/profile.php?id=61587274496445&locale=es_LA\",\"https:\\\/\\\/www.instagram.com\\\/husdigital\"]}]}<\/script>\n<!-- \/ Yoast SEO plugin. -->","yoast_head_json":{"title":"Sobre Nosotros - Hus Digital | Husdigital \u2013 Estrategia y Soluciones Digitales","description":"Husdigital, combinamos estrategia, creatividad y desarrollo para impulsar el crecimiento de marcas en el mundo digital.","robots":{"index":"index","follow":"follow","max-snippet":"max-snippet:-1","max-image-preview":"max-image-preview:large","max-video-preview":"max-video-preview:-1"},"canonical":"https:\/\/husdigital.com\/en\/sobre-nosotros\/","og_locale":"en_US","og_type":"article","og_title":"Sobre Nosotros - Hus Digital | Husdigital \u2013 Estrategia y Soluciones Digitales","og_description":"Husdigital, combinamos estrategia, creatividad y desarrollo para impulsar el crecimiento de marcas en el mundo digital.","og_url":"https:\/\/husdigital.com\/en\/sobre-nosotros\/","og_site_name":"Hus Digital","article_publisher":"https:\/\/www.facebook.com\/profile.php?id=61587274496445&locale=es_LA","article_modified_time":"2026-03-19T12:31:32+00:00","twitter_card":"summary_large_image","twitter_misc":{"Est. reading time":"1 minute"},"schema":{"@context":"https:\/\/schema.org","@graph":[{"@type":"WebPage","@id":"https:\/\/husdigital.com\/sobre-nosotros\/","url":"https:\/\/husdigital.com\/sobre-nosotros\/","name":"Sobre Nosotros - Hus Digital | Husdigital \u2013 Estrategia y Soluciones Digitales","isPartOf":{"@id":"https:\/\/husdigital.com\/#website"},"datePublished":"2026-03-15T00:16:07+00:00","dateModified":"2026-03-19T12:31:32+00:00","description":"Husdigital, combinamos estrategia, creatividad y desarrollo para impulsar el crecimiento de marcas en el mundo digital.","breadcrumb":{"@id":"https:\/\/husdigital.com\/sobre-nosotros\/#breadcrumb"},"inLanguage":"en-US","potentialAction":[{"@type":"ReadAction","target":["https:\/\/husdigital.com\/sobre-nosotros\/"]}]},{"@type":"BreadcrumbList","@id":"https:\/\/husdigital.com\/sobre-nosotros\/#breadcrumb","itemListElement":[{"@type":"ListItem","position":1,"name":"Inicio","item":"https:\/\/husdigital.com\/"},{"@type":"ListItem","position":2,"name":"Sobre Nosotros"}]},{"@type":"WebSite","@id":"https:\/\/husdigital.com\/#website","url":"https:\/\/husdigital.com\/","name":"Hus Digital","description":"Agencia Creativa","publisher":{"@id":"https:\/\/husdigital.com\/#organization"},"potentialAction":[{"@type":"SearchAction","target":{"@type":"EntryPoint","urlTemplate":"https:\/\/husdigital.com\/?s={search_term_string}"},"query-input":{"@type":"PropertyValueSpecification","valueRequired":true,"valueName":"search_term_string"}}],"inLanguage":"en-US"},{"@type":"Organization","@id":"https:\/\/husdigital.com\/#organization","name":"Hus Digital","url":"https:\/\/husdigital.com\/","logo":{"@type":"ImageObject","inLanguage":"en-US","@id":"https:\/\/husdigital.com\/#\/schema\/logo\/image\/","url":"https:\/\/husdigital.com\/wp-content\/uploads\/2026\/03\/HUS-DIGITAL_Logo-09.svg","contentUrl":"https:\/\/husdigital.com\/wp-content\/uploads\/2026\/03\/HUS-DIGITAL_Logo-09.svg","caption":"Hus Digital"},"image":{"@id":"https:\/\/husdigital.com\/#\/schema\/logo\/image\/"},"sameAs":["https:\/\/www.facebook.com\/profile.php?id=61587274496445&locale=es_LA","https:\/\/www.instagram.com\/husdigital"]}]}},"_links":{"self":[{"href":"https:\/\/husdigital.com\/en\/wp-json\/wp\/v2\/pages\/63","targetHints":{"allow":["GET"]}}],"collection":[{"href":"https:\/\/husdigital.com\/en\/wp-json\/wp\/v2\/pages"}],"about":[{"href":"https:\/\/husdigital.com\/en\/wp-json\/wp\/v2\/types\/page"}],"author":[{"embeddable":true,"href":"https:\/\/husdigital.com\/en\/wp-json\/wp\/v2\/users\/1"}],"replies":[{"embeddable":true,"href":"https:\/\/husdigital.com\/en\/wp-json\/wp\/v2\/comments?post=63"}],"version-history":[{"count":7,"href":"https:\/\/husdigital.com\/en\/wp-json\/wp\/v2\/pages\/63\/revisions"}],"predecessor-version":[{"id":303,"href":"https:\/\/husdigital.com\/en\/wp-json\/wp\/v2\/pages\/63\/revisions\/303"}],"wp:attachment":[{"href":"https:\/\/husdigital.com\/en\/wp-json\/wp\/v2\/media?parent=63"}],"curies":[{"name":"wp","href":"https:\/\/api.w.org\/{rel}","templated":true}]}}