{"id":71,"date":"2026-03-15T00:54:35","date_gmt":"2026-03-15T00:54:35","guid":{"rendered":"https:\/\/husdigital.com\/?page_id=71"},"modified":"2026-03-19T12:23:25","modified_gmt":"2026-03-19T12:23:25","slug":"portfolio","status":"publish","type":"page","link":"https:\/\/husdigital.com\/en\/portfolio\/","title":{"rendered":"Portfolio"},"content":{"rendered":"<div class=\"wp-block-columns is-layout-flex wp-container-core-columns-is-layout-28f84493 wp-block-columns-is-layout-flex\">\n<div class=\"wp-block-column is-layout-flow wp-block-column-is-layout-flow\">\n<figure class=\"wp-block-image size-large\"><a href=\"https:\/\/husdigital.com\/en\/brdr-kruger\/\"><img loading=\"lazy\" decoding=\"async\" width=\"768\" height=\"1024\" src=\"https:\/\/husdigital.com\/wp-content\/uploads\/2026\/03\/hus-bk-2-768x1024.jpg\" alt=\"\" class=\"wp-image-93\" srcset=\"https:\/\/husdigital.com\/wp-content\/uploads\/2026\/03\/hus-bk-2-768x1024.jpg 768w, https:\/\/husdigital.com\/wp-content\/uploads\/2026\/03\/hus-bk-2-225x300.jpg 225w, https:\/\/husdigital.com\/wp-content\/uploads\/2026\/03\/hus-bk-2.jpg 900w\" sizes=\"auto, (max-width: 768px) 100vw, 768px\" \/><\/a><\/figure>\n\n\n\n<p style=\"font-size:14px\"><strong><a href=\"https:\/\/husdigital.com\/en\/brdr-kruger\/\" data-type=\"link\" data-id=\"https:\/\/husdigital.com\/brdr-kruger\/\">Kr\u00fcger Brothers<\/a><\/strong><br>Denmark<\/p>\n<\/div>\n\n\n\n<div class=\"wp-block-column is-layout-flow wp-block-column-is-layout-flow\">\n<div style=\"height:100px\" aria-hidden=\"true\" class=\"wp-block-spacer\"><\/div>\n\n\n\n<figure class=\"wp-block-image size-large\"><a href=\"https:\/\/husdigital.com\/en\/lyfa\/\"><img loading=\"lazy\" decoding=\"async\" width=\"768\" height=\"1024\" src=\"https:\/\/husdigital.com\/wp-content\/uploads\/2026\/03\/hus-lyfa-2-768x1024.jpg\" alt=\"\" class=\"wp-image-82\" srcset=\"https:\/\/husdigital.com\/wp-content\/uploads\/2026\/03\/hus-lyfa-2-768x1024.jpg 768w, https:\/\/husdigital.com\/wp-content\/uploads\/2026\/03\/hus-lyfa-2-225x300.jpg 225w, https:\/\/husdigital.com\/wp-content\/uploads\/2026\/03\/hus-lyfa-2.jpg 900w\" sizes=\"auto, (max-width: 768px) 100vw, 768px\" \/><\/a><\/figure>\n\n\n\n<p style=\"font-size:14px\"><strong><a href=\"https:\/\/husdigital.com\/en\/lyfa\/\" data-type=\"link\" data-id=\"https:\/\/husdigital.com\/lyfa\/\">LYFA<\/a><\/strong><br>Denmark<\/p>\n<\/div>\n<\/div>\n\n\n\n<div class=\"wp-block-columns is-layout-flex wp-container-core-columns-is-layout-28f84493 wp-block-columns-is-layout-flex\">\n<div class=\"wp-block-column is-layout-flow wp-block-column-is-layout-flow\">\n<figure class=\"wp-block-image size-large\"><a href=\"https:\/\/husdigital.com\/en\/dacuna\/\"><img loading=\"lazy\" decoding=\"async\" width=\"768\" height=\"1024\" src=\"https:\/\/husdigital.com\/wp-content\/uploads\/2026\/03\/hus-dna-3-768x1024.jpg\" alt=\"\" class=\"wp-image-96\" srcset=\"https:\/\/husdigital.com\/wp-content\/uploads\/2026\/03\/hus-dna-3-768x1024.jpg 768w, https:\/\/husdigital.com\/wp-content\/uploads\/2026\/03\/hus-dna-3-225x300.jpg 225w, https:\/\/husdigital.com\/wp-content\/uploads\/2026\/03\/hus-dna-3.jpg 900w\" sizes=\"auto, (max-width: 768px) 100vw, 768px\" \/><\/a><\/figure>\n\n\n\n<p style=\"font-size:14px\"><a href=\"https:\/\/husdigital.com\/en\/dacuna\/\" data-type=\"link\" data-id=\"https:\/\/husdigital.com\/dacuna\/\"><strong>Dacu\u00f1<\/strong>a<\/a><br>Argentina<\/p>\n<\/div>\n\n\n\n<div class=\"wp-block-column is-layout-flow wp-block-column-is-layout-flow\">\n<div style=\"height:100px\" aria-hidden=\"true\" class=\"wp-block-spacer\"><\/div>\n\n\n\n<figure class=\"wp-block-image size-full\"><a href=\"https:\/\/husdigital.com\/en\/altos-del-champaqui\/\"><img loading=\"lazy\" decoding=\"async\" width=\"900\" height=\"1200\" src=\"https:\/\/husdigital.com\/wp-content\/uploads\/2026\/03\/hus-ach-3.jpg\" alt=\"\" class=\"wp-image-102\" srcset=\"https:\/\/husdigital.com\/wp-content\/uploads\/2026\/03\/hus-ach-3.jpg 900w, https:\/\/husdigital.com\/wp-content\/uploads\/2026\/03\/hus-ach-3-225x300.jpg 225w, https:\/\/husdigital.com\/wp-content\/uploads\/2026\/03\/hus-ach-3-768x1024.jpg 768w\" sizes=\"auto, (max-width: 900px) 100vw, 900px\" \/><\/a><\/figure>\n\n\n\n<p style=\"font-size:14px\"><strong><a href=\"https:\/\/husdigital.com\/en\/altos-del-champaqui\/\">Altos del Champaqu\u00ed<\/a><\/strong><br>Argentina<\/p>\n<\/div>\n<\/div>\n\n\n\n<div class=\"wp-block-columns is-layout-flex wp-container-core-columns-is-layout-28f84493 wp-block-columns-is-layout-flex\">\n<div class=\"wp-block-column is-layout-flow wp-block-column-is-layout-flow\">\n<figure class=\"wp-block-image size-full\"><a href=\"https:\/\/husdigital.com\/en\/calma-nenas\/\"><img loading=\"lazy\" decoding=\"async\" width=\"768\" height=\"1024\" src=\"https:\/\/husdigital.com\/wp-content\/uploads\/2026\/03\/hus-patti-6.jpg\" alt=\"\" class=\"wp-image-246\" srcset=\"https:\/\/husdigital.com\/wp-content\/uploads\/2026\/03\/hus-patti-6.jpg 768w, https:\/\/husdigital.com\/wp-content\/uploads\/2026\/03\/hus-patti-6-225x300.jpg 225w\" sizes=\"auto, (max-width: 768px) 100vw, 768px\" \/><\/a><\/figure>\n\n\n\n<p style=\"font-size:14px\"><strong><a href=\"https:\/\/husdigital.com\/en\/calma-nenas\/\">Calm down, girls<\/a><\/strong><br>Argentina<\/p>\n<\/div>\n\n\n\n<div class=\"wp-block-column is-layout-flow wp-block-column-is-layout-flow\">\n<div style=\"height:100px\" aria-hidden=\"true\" class=\"wp-block-spacer\"><\/div>\n\n\n\n<figure class=\"wp-block-image size-full\"><img loading=\"lazy\" decoding=\"async\" width=\"768\" height=\"1024\" src=\"https:\/\/husdigital.com\/wp-content\/uploads\/2026\/03\/hus-patti-16.jpg\" alt=\"\" class=\"wp-image-227\" srcset=\"https:\/\/husdigital.com\/wp-content\/uploads\/2026\/03\/hus-patti-16.jpg 768w, https:\/\/husdigital.com\/wp-content\/uploads\/2026\/03\/hus-patti-16-225x300.jpg 225w\" sizes=\"auto, (max-width: 768px) 100vw, 768px\" \/><\/figure>\n\n\n\n<p style=\"font-size:14px\"><strong>Patti Oslo<\/strong><br>Norway<\/p>\n<\/div>\n<\/div>\n\n\n\n<p><\/p>","protected":false},"excerpt":{"rendered":"<p>Brdr. Kr\u00fcgerDinamarca LYFADinamarca Dacu\u00f1aArgentina Altos del Champaqu\u00edArgentina Calma NenasArgentina Patti OsloNoruega<\/p>","protected":false},"author":1,"featured_media":0,"parent":0,"menu_order":0,"comment_status":"closed","ping_status":"closed","template":"","meta":{"footnotes":""},"class_list":["post-71","page","type-page","status-publish","hentry"],"yoast_head":"<!-- This site is optimized with the Yoast SEO plugin v27.4 - https:\/\/yoast.com\/product\/yoast-seo-wordpress\/ -->\n<title>Portfolio - Hus Digital Portfolio de Husdigital | Proyectos Realizados<\/title>\n<meta name=\"description\" content=\"Conoc\u00e9 nuestros proyectos de dise\u00f1o web. Sitios modernos, r\u00e1pidos y optimizados para marcas que quieren destacar.\" \/>\n<meta name=\"robots\" content=\"index, follow, max-snippet:-1, max-image-preview:large, max-video-preview:-1\" \/>\n<link rel=\"canonical\" href=\"https:\/\/husdigital.com\/en\/portfolio\/\" \/>\n<meta property=\"og:locale\" content=\"en_US\" \/>\n<meta property=\"og:type\" content=\"article\" \/>\n<meta property=\"og:title\" content=\"Portfolio - Hus Digital Portfolio de Husdigital | Proyectos Realizados\" \/>\n<meta property=\"og:description\" content=\"Conoc\u00e9 nuestros proyectos de dise\u00f1o web. Sitios modernos, r\u00e1pidos y optimizados para marcas que quieren destacar.\" \/>\n<meta property=\"og:url\" content=\"https:\/\/husdigital.com\/en\/portfolio\/\" \/>\n<meta property=\"og:site_name\" content=\"Hus Digital\" \/>\n<meta property=\"article:publisher\" content=\"https:\/\/www.facebook.com\/profile.php?id=61587274496445&amp;locale=es_LA\" \/>\n<meta property=\"article:modified_time\" content=\"2026-03-19T12:23:25+00:00\" \/>\n<meta property=\"og:image\" content=\"https:\/\/husdigital.com\/wp-content\/uploads\/2026\/03\/hus-bk-2.jpg\" \/>\n\t<meta property=\"og:image:width\" content=\"900\" \/>\n\t<meta property=\"og:image:height\" content=\"1200\" \/>\n\t<meta property=\"og:image:type\" content=\"image\/jpeg\" \/>\n<meta name=\"twitter:card\" content=\"summary_large_image\" \/>\n<meta name=\"twitter:label1\" content=\"Est. reading time\" \/>\n\t<meta name=\"twitter:data1\" content=\"2 minutes\" \/>\n<script type=\"application\/ld+json\" class=\"yoast-schema-graph\">{\"@context\":\"https:\\\/\\\/schema.org\",\"@graph\":[{\"@type\":\"WebPage\",\"@id\":\"https:\\\/\\\/husdigital.com\\\/portfolio\\\/\",\"url\":\"https:\\\/\\\/husdigital.com\\\/portfolio\\\/\",\"name\":\"Portfolio - Hus Digital Portfolio de Husdigital | Proyectos Realizados\",\"isPartOf\":{\"@id\":\"https:\\\/\\\/husdigital.com\\\/#website\"},\"primaryImageOfPage\":{\"@id\":\"https:\\\/\\\/husdigital.com\\\/portfolio\\\/#primaryimage\"},\"image\":{\"@id\":\"https:\\\/\\\/husdigital.com\\\/portfolio\\\/#primaryimage\"},\"thumbnailUrl\":\"https:\\\/\\\/husdigital.com\\\/wp-content\\\/uploads\\\/2026\\\/03\\\/hus-bk-2-768x1024.jpg\",\"datePublished\":\"2026-03-15T00:54:35+00:00\",\"dateModified\":\"2026-03-19T12:23:25+00:00\",\"description\":\"Conoc\u00e9 nuestros proyectos de dise\u00f1o web. Sitios modernos, r\u00e1pidos y optimizados para marcas que quieren destacar.\",\"breadcrumb\":{\"@id\":\"https:\\\/\\\/husdigital.com\\\/portfolio\\\/#breadcrumb\"},\"inLanguage\":\"en-US\",\"potentialAction\":[{\"@type\":\"ReadAction\",\"target\":[\"https:\\\/\\\/husdigital.com\\\/portfolio\\\/\"]}]},{\"@type\":\"ImageObject\",\"inLanguage\":\"en-US\",\"@id\":\"https:\\\/\\\/husdigital.com\\\/portfolio\\\/#primaryimage\",\"url\":\"https:\\\/\\\/husdigital.com\\\/wp-content\\\/uploads\\\/2026\\\/03\\\/hus-bk-2-768x1024.jpg\",\"contentUrl\":\"https:\\\/\\\/husdigital.com\\\/wp-content\\\/uploads\\\/2026\\\/03\\\/hus-bk-2-768x1024.jpg\"},{\"@type\":\"BreadcrumbList\",\"@id\":\"https:\\\/\\\/husdigital.com\\\/portfolio\\\/#breadcrumb\",\"itemListElement\":[{\"@type\":\"ListItem\",\"position\":1,\"name\":\"Inicio\",\"item\":\"https:\\\/\\\/husdigital.com\\\/\"},{\"@type\":\"ListItem\",\"position\":2,\"name\":\"Portfolio\"}]},{\"@type\":\"WebSite\",\"@id\":\"https:\\\/\\\/husdigital.com\\\/#website\",\"url\":\"https:\\\/\\\/husdigital.com\\\/\",\"name\":\"Hus Digital\",\"description\":\"Agencia Creativa\",\"publisher\":{\"@id\":\"https:\\\/\\\/husdigital.com\\\/#organization\"},\"potentialAction\":[{\"@type\":\"SearchAction\",\"target\":{\"@type\":\"EntryPoint\",\"urlTemplate\":\"https:\\\/\\\/husdigital.com\\\/?s={search_term_string}\"},\"query-input\":{\"@type\":\"PropertyValueSpecification\",\"valueRequired\":true,\"valueName\":\"search_term_string\"}}],\"inLanguage\":\"en-US\"},{\"@type\":\"Organization\",\"@id\":\"https:\\\/\\\/husdigital.com\\\/#organization\",\"name\":\"Hus Digital\",\"url\":\"https:\\\/\\\/husdigital.com\\\/\",\"logo\":{\"@type\":\"ImageObject\",\"inLanguage\":\"en-US\",\"@id\":\"https:\\\/\\\/husdigital.com\\\/#\\\/schema\\\/logo\\\/image\\\/\",\"url\":\"https:\\\/\\\/husdigital.com\\\/wp-content\\\/uploads\\\/2026\\\/03\\\/HUS-DIGITAL_Logo-09.svg\",\"contentUrl\":\"https:\\\/\\\/husdigital.com\\\/wp-content\\\/uploads\\\/2026\\\/03\\\/HUS-DIGITAL_Logo-09.svg\",\"caption\":\"Hus Digital\"},\"image\":{\"@id\":\"https:\\\/\\\/husdigital.com\\\/#\\\/schema\\\/logo\\\/image\\\/\"},\"sameAs\":[\"https:\\\/\\\/www.facebook.com\\\/profile.php?id=61587274496445&locale=es_LA\",\"https:\\\/\\\/www.instagram.com\\\/husdigital\"]}]}<\/script>\n<!-- \/ Yoast SEO plugin. -->","yoast_head_json":{"title":"Portfolio - Hus Digital Portfolio de Husdigital | Proyectos Realizados","description":"Conoc\u00e9 nuestros proyectos de dise\u00f1o web. Sitios modernos, r\u00e1pidos y optimizados para marcas que quieren destacar.","robots":{"index":"index","follow":"follow","max-snippet":"max-snippet:-1","max-image-preview":"max-image-preview:large","max-video-preview":"max-video-preview:-1"},"canonical":"https:\/\/husdigital.com\/en\/portfolio\/","og_locale":"en_US","og_type":"article","og_title":"Portfolio - Hus Digital Portfolio de Husdigital | Proyectos Realizados","og_description":"Conoc\u00e9 nuestros proyectos de dise\u00f1o web. Sitios modernos, r\u00e1pidos y optimizados para marcas que quieren destacar.","og_url":"https:\/\/husdigital.com\/en\/portfolio\/","og_site_name":"Hus Digital","article_publisher":"https:\/\/www.facebook.com\/profile.php?id=61587274496445&locale=es_LA","article_modified_time":"2026-03-19T12:23:25+00:00","og_image":[{"width":900,"height":1200,"url":"https:\/\/husdigital.com\/wp-content\/uploads\/2026\/03\/hus-bk-2.jpg","type":"image\/jpeg"}],"twitter_card":"summary_large_image","twitter_misc":{"Est. reading time":"2 minutes"},"schema":{"@context":"https:\/\/schema.org","@graph":[{"@type":"WebPage","@id":"https:\/\/husdigital.com\/portfolio\/","url":"https:\/\/husdigital.com\/portfolio\/","name":"Portfolio - Hus Digital Portfolio de Husdigital | Proyectos Realizados","isPartOf":{"@id":"https:\/\/husdigital.com\/#website"},"primaryImageOfPage":{"@id":"https:\/\/husdigital.com\/portfolio\/#primaryimage"},"image":{"@id":"https:\/\/husdigital.com\/portfolio\/#primaryimage"},"thumbnailUrl":"https:\/\/husdigital.com\/wp-content\/uploads\/2026\/03\/hus-bk-2-768x1024.jpg","datePublished":"2026-03-15T00:54:35+00:00","dateModified":"2026-03-19T12:23:25+00:00","description":"Conoc\u00e9 nuestros proyectos de dise\u00f1o web. Sitios modernos, r\u00e1pidos y optimizados para marcas que quieren destacar.","breadcrumb":{"@id":"https:\/\/husdigital.com\/portfolio\/#breadcrumb"},"inLanguage":"en-US","potentialAction":[{"@type":"ReadAction","target":["https:\/\/husdigital.com\/portfolio\/"]}]},{"@type":"ImageObject","inLanguage":"en-US","@id":"https:\/\/husdigital.com\/portfolio\/#primaryimage","url":"https:\/\/husdigital.com\/wp-content\/uploads\/2026\/03\/hus-bk-2-768x1024.jpg","contentUrl":"https:\/\/husdigital.com\/wp-content\/uploads\/2026\/03\/hus-bk-2-768x1024.jpg"},{"@type":"BreadcrumbList","@id":"https:\/\/husdigital.com\/portfolio\/#breadcrumb","itemListElement":[{"@type":"ListItem","position":1,"name":"Inicio","item":"https:\/\/husdigital.com\/"},{"@type":"ListItem","position":2,"name":"Portfolio"}]},{"@type":"WebSite","@id":"https:\/\/husdigital.com\/#website","url":"https:\/\/husdigital.com\/","name":"Hus Digital","description":"Agencia Creativa","publisher":{"@id":"https:\/\/husdigital.com\/#organization"},"potentialAction":[{"@type":"SearchAction","target":{"@type":"EntryPoint","urlTemplate":"https:\/\/husdigital.com\/?s={search_term_string}"},"query-input":{"@type":"PropertyValueSpecification","valueRequired":true,"valueName":"search_term_string"}}],"inLanguage":"en-US"},{"@type":"Organization","@id":"https:\/\/husdigital.com\/#organization","name":"Hus Digital","url":"https:\/\/husdigital.com\/","logo":{"@type":"ImageObject","inLanguage":"en-US","@id":"https:\/\/husdigital.com\/#\/schema\/logo\/image\/","url":"https:\/\/husdigital.com\/wp-content\/uploads\/2026\/03\/HUS-DIGITAL_Logo-09.svg","contentUrl":"https:\/\/husdigital.com\/wp-content\/uploads\/2026\/03\/HUS-DIGITAL_Logo-09.svg","caption":"Hus Digital"},"image":{"@id":"https:\/\/husdigital.com\/#\/schema\/logo\/image\/"},"sameAs":["https:\/\/www.facebook.com\/profile.php?id=61587274496445&locale=es_LA","https:\/\/www.instagram.com\/husdigital"]}]}},"_links":{"self":[{"href":"https:\/\/husdigital.com\/en\/wp-json\/wp\/v2\/pages\/71","targetHints":{"allow":["GET"]}}],"collection":[{"href":"https:\/\/husdigital.com\/en\/wp-json\/wp\/v2\/pages"}],"about":[{"href":"https:\/\/husdigital.com\/en\/wp-json\/wp\/v2\/types\/page"}],"author":[{"embeddable":true,"href":"https:\/\/husdigital.com\/en\/wp-json\/wp\/v2\/users\/1"}],"replies":[{"embeddable":true,"href":"https:\/\/husdigital.com\/en\/wp-json\/wp\/v2\/comments?post=71"}],"version-history":[{"count":33,"href":"https:\/\/husdigital.com\/en\/wp-json\/wp\/v2\/pages\/71\/revisions"}],"predecessor-version":[{"id":299,"href":"https:\/\/husdigital.com\/en\/wp-json\/wp\/v2\/pages\/71\/revisions\/299"}],"wp:attachment":[{"href":"https:\/\/husdigital.com\/en\/wp-json\/wp\/v2\/media?parent=71"}],"curies":[{"name":"wp","href":"https:\/\/api.w.org\/{rel}","templated":true}]}}